{"id":314,"date":"2012-02-26T21:29:28","date_gmt":"2012-02-26T20:29:28","guid":{"rendered":"http:\/\/www.klassenmappe.de\/?page_id=314"},"modified":"2012-02-26T21:30:30","modified_gmt":"2012-02-26T20:30:30","slug":"anlauttabellengenerator","status":"publish","type":"page","link":"https:\/\/www.klassenmappe.de\/?page_id=314","title":{"rendered":"Anlauttabellengenerator"},"content":{"rendered":"<p>Ebenfalls im internen Bereich des Zaubereinmaleins findet ihr meinen Anlauttabellengenerator. Die Idee kam von Susanne Sch\u00e4fer, die mich mit reichlich tollen Anlautbildern von Herrn Krahl versorgte. Nun kannst du dein eigenes Anlautmaterial deinen W\u00fcnschen entsprechend herstellen. Dazu geh\u00f6rt nicht nur eine Anlauttabelle, auch viele Zusatzmaterialien, wie Plakate f\u00fcr die Klasse, Memory, Dominos, Klammerkarten und anderes mehr &#8230;<\/p>\n<figure id=\"attachment_196\" aria-describedby=\"caption-attachment-196\" style=\"width: 530px\" class=\"wp-caption alignnone\"><a href=\"https:\/\/www.klassenmappe.de\/?attachment_id=196\" rel=\"attachment wp-att-196\"><img loading=\"lazy\" decoding=\"async\" class=\"size-full wp-image-196\" title=\"sonst02\" src=\"https:\/\/www.klassenmappe.de\/wp-content\/uploads\/sonst02.jpg\" alt=\"\" width=\"530\" height=\"408\" \/><\/a><figcaption id=\"caption-attachment-196\" class=\"wp-caption-text\">Der Anlauttabellengenerator<\/figcaption><\/figure>\n<figure id=\"attachment_199\" aria-describedby=\"caption-attachment-199\" style=\"width: 530px\" class=\"wp-caption alignnone\"><a href=\"https:\/\/www.klassenmappe.de\/?attachment_id=199\" rel=\"attachment wp-att-199\"><img loading=\"lazy\" decoding=\"async\" class=\"size-full wp-image-199 \" title=\"sonst05\" src=\"https:\/\/www.klassenmappe.de\/wp-content\/uploads\/sonst05.jpg\" alt=\"\" width=\"530\" height=\"372\" \/><\/a><figcaption id=\"caption-attachment-199\" class=\"wp-caption-text\">Gestalte deine Anlauttabelle nach eigenen W\u00fcnschen - w\u00e4hle aus hunderten von Bildern<\/figcaption><\/figure>\n<figure id=\"attachment_200\" aria-describedby=\"caption-attachment-200\" style=\"width: 530px\" class=\"wp-caption alignnone\"><a href=\"https:\/\/www.klassenmappe.de\/?attachment_id=200\" rel=\"attachment wp-att-200\"><img loading=\"lazy\" decoding=\"async\" class=\"size-full wp-image-200\" title=\"sonst06\" src=\"https:\/\/www.klassenmappe.de\/wp-content\/uploads\/sonst06.jpg\" alt=\"\" width=\"530\" height=\"371\" \/><\/a><figcaption id=\"caption-attachment-200\" class=\"wp-caption-text\">Erhalte automatisch passendes \u00dcbungsmaterial zu deiner eigenen Anlauttabelle<\/figcaption><\/figure>\n<figure id=\"attachment_201\" aria-describedby=\"caption-attachment-201\" style=\"width: 530px\" class=\"wp-caption alignnone\"><a href=\"https:\/\/www.klassenmappe.de\/?attachment_id=201\" rel=\"attachment wp-att-201\"><img loading=\"lazy\" decoding=\"async\" class=\"size-full wp-image-201\" title=\"sonst07\" src=\"https:\/\/www.klassenmappe.de\/wp-content\/uploads\/sonst07.jpg\" alt=\"\" width=\"530\" height=\"749\" srcset=\"https:\/\/www.klassenmappe.de\/wp-content\/uploads\/sonst07.jpg 530w, https:\/\/www.klassenmappe.de\/wp-content\/uploads\/sonst07-375x530.jpg 375w\" sizes=\"auto, (max-width: 530px) 100vw, 530px\" \/><\/a><figcaption id=\"caption-attachment-201\" class=\"wp-caption-text\">Erstelle automatisch Anlautplakate f\u00fcr das Klassenzimmer<\/figcaption><\/figure>\n","protected":false},"excerpt":{"rendered":"<p>Ebenfalls im internen Bereich des Zaubereinmaleins findet ihr meinen Anlauttabellengenerator. Die Idee kam von Susanne Sch\u00e4fer, die mich mit reichlich tollen Anlautbildern von Herrn Krahl versorgte. Nun kannst du dein eigenes Anlautmaterial deinen W\u00fcnschen entsprechend herstellen. Dazu geh\u00f6rt nicht nur eine Anlauttabelle, auch viele Zusatzmaterialien, wie Plakate f\u00fcr die Klasse,&#8230;<\/p>\n<p class=\"read-more\"><a class=\"btn btn-default\" href=\"https:\/\/www.klassenmappe.de\/?page_id=314\"> Read More<span class=\"screen-reader-text\">  Read More<\/span><\/a><\/p>\n","protected":false},"author":1,"featured_media":0,"parent":20,"menu_order":1,"comment_status":"open","ping_status":"open","template":"","meta":{"footnotes":""},"class_list":["post-314","page","type-page","status-publish","hentry"],"_links":{"self":[{"href":"https:\/\/www.klassenmappe.de\/index.php?rest_route=\/wp\/v2\/pages\/314","targetHints":{"allow":["GET"]}}],"collection":[{"href":"https:\/\/www.klassenmappe.de\/index.php?rest_route=\/wp\/v2\/pages"}],"about":[{"href":"https:\/\/www.klassenmappe.de\/index.php?rest_route=\/wp\/v2\/types\/page"}],"author":[{"embeddable":true,"href":"https:\/\/www.klassenmappe.de\/index.php?rest_route=\/wp\/v2\/users\/1"}],"replies":[{"embeddable":true,"href":"https:\/\/www.klassenmappe.de\/index.php?rest_route=%2Fwp%2Fv2%2Fcomments&post=314"}],"version-history":[{"count":6,"href":"https:\/\/www.klassenmappe.de\/index.php?rest_route=\/wp\/v2\/pages\/314\/revisions"}],"predecessor-version":[{"id":320,"href":"https:\/\/www.klassenmappe.de\/index.php?rest_route=\/wp\/v2\/pages\/314\/revisions\/320"}],"up":[{"embeddable":true,"href":"https:\/\/www.klassenmappe.de\/index.php?rest_route=\/wp\/v2\/pages\/20"}],"wp:attachment":[{"href":"https:\/\/www.klassenmappe.de\/index.php?rest_route=%2Fwp%2Fv2%2Fmedia&parent=314"}],"curies":[{"name":"wp","href":"https:\/\/api.w.org\/{rel}","templated":true}]}}